{"id":972,"date":"2022-12-29T18:00:26","date_gmt":"2022-12-29T17:00:26","guid":{"rendered":"http:\/\/www.ethan-services.fr\/?page_id=972"},"modified":"2025-01-28T12:03:15","modified_gmt":"2025-01-28T11:03:15","slug":"mode-daction","status":"publish","type":"page","link":"https:\/\/www.ethan-services.fr\/index.php\/mode-daction\/","title":{"rendered":"Mode d&rsquo;action"},"content":{"rendered":"\t\t<div data-elementor-type=\"wp-page\" data-elementor-id=\"972\" class=\"elementor elementor-972\">\n\t\t\t\t\t\t<section class=\"elementor-section elementor-top-section elementor-element elementor-element-5f4b9756 elementor-section-height-min-height elementor-section-boxed elementor-section-height-default elementor-section-items-middle\" data-id=\"5f4b9756\" data-element_type=\"section\" data-settings=\"{&quot;background_background&quot;:&quot;classic&quot;}\">\n\t\t\t\t\t\t\t<div class=\"elementor-background-overlay\"><\/div>\n\t\t\t\t\t\t\t<div class=\"elementor-container elementor-column-gap-default\">\n\t\t\t\t\t<div class=\"elementor-column elementor-col-100 elementor-top-column elementor-element elementor-element-44ba228d\" data-id=\"44ba228d\" data-element_type=\"column\">\n\t\t\t<div class=\"elementor-widget-wrap elementor-element-populated\">\n\t\t\t\t\t\t<div class=\"elementor-element elementor-element-7f3500c3 elementor-icon-list--layout-inline elementor-list-item-link-full_width elementor-widget elementor-widget-icon-list\" data-id=\"7f3500c3\" data-element_type=\"widget\" data-widget_type=\"icon-list.default\">\n\t\t\t\t<div class=\"elementor-widget-container\">\n\t\t\t\t\t\t\t<ul class=\"elementor-icon-list-items elementor-inline-items\">\n\t\t\t\t\t\t\t<li class=\"elementor-icon-list-item elementor-inline-item\">\n\t\t\t\t\t\t\t\t\t\t<span class=\"elementor-icon-list-text\">Accueil<\/span>\n\t\t\t\t\t\t\t\t\t<\/li>\n\t\t\t\t\t\t\t\t<li class=\"elementor-icon-list-item elementor-inline-item\">\n\t\t\t\t\t\t\t\t\t\t\t<span class=\"elementor-icon-list-icon\">\n\t\t\t\t\t\t\t<i aria-hidden=\"true\" class=\"fas fa-angle-right\"><\/i>\t\t\t\t\t\t<\/span>\n\t\t\t\t\t\t\t\t\t\t<span class=\"elementor-icon-list-text\">Notre mode d'action<\/span>\n\t\t\t\t\t\t\t\t\t<\/li>\n\t\t\t\t\t\t<\/ul>\n\t\t\t\t\t\t<\/div>\n\t\t\t\t<\/div>\n\t\t\t\t\t<\/div>\n\t\t<\/div>\n\t\t\t\t\t<\/div>\n\t\t<\/section>\n\t\t\t\t<section class=\"elementor-section elementor-top-section elementor-element elementor-element-25efb9f0 elementor-section-boxed elementor-section-height-default elementor-section-height-default\" data-id=\"25efb9f0\" data-element_type=\"section\" data-settings=\"{&quot;background_background&quot;:&quot;classic&quot;}\">\n\t\t\t\t\t\t<div class=\"elementor-container elementor-column-gap-default\">\n\t\t\t\t\t<div class=\"elementor-column elementor-col-100 elementor-top-column elementor-element elementor-element-69502db4\" data-id=\"69502db4\" data-element_type=\"column\">\n\t\t\t<div class=\"elementor-widget-wrap elementor-element-populated\">\n\t\t\t\t\t\t<div class=\"elementor-element elementor-element-11b99336 elementor-widget elementor-widget-heading\" data-id=\"11b99336\" data-element_type=\"widget\" data-widget_type=\"heading.default\">\n\t\t\t\t<div class=\"elementor-widget-container\">\n\t\t\t\t\t<h4 class=\"elementor-heading-title elementor-size-default\">Notre mode d'action<\/h4>\t\t\t\t<\/div>\n\t\t\t\t<\/div>\n\t\t\t\t<div class=\"elementor-element elementor-element-309312b0 elementor-widget elementor-widget-text-editor\" data-id=\"309312b0\" data-element_type=\"widget\" data-widget_type=\"text-editor.default\">\n\t\t\t\t<div class=\"elementor-widget-container\">\n\t\t\t\t\t\t\t\t\t<table class=\"table table-responsive\"><tbody><tr><td><p class=\"lead colr\"><strong>Ethan Services A Dom :<\/strong><\/p><ul><li>Vous \u00eates en perte d\u2019autonomie ?<\/li><li>Vous avez besoin d\u2019une aide dans votre vie quotidienne ?<\/li><li>Vous avez un souci de garde d\u2019enfant ?<\/li><li>Vous avez un parent fatigu\u00e9 ou en perte d\u2019autonomie ?<\/li><li>Ethan Services est votre traitement curatif.<\/li><\/ul><p><b>Ethan Services A Dom n\u2019est pas une plate-forme, vous aurez un interlocuteur unique pour toutes vos demandes et vos questions.<\/b><\/p><p class=\"lead colr\">Nous intervenons en mode prestataire:<\/p><p>Nous affecterons \u00e0 votre domicile, notre employ\u00e9(e). Vous serez par ce mode d\u00e9charg\u00e9 de toute contrainte administrative.<\/p><p class=\"lead colr\">Nous agissons aussi en mode mandataire :<\/p><p>Nous vous aiderons \u00e0 trouver un(e) intervenant(e) qui sera votre employ\u00e9(e).<\/p><p class=\"lead colr\">Voici toutes les \u00e9tapes de mise en place de nos interventions en mode prestataire.<\/p><p><b>1. Vous nous contactez :<\/b><\/p><ul><li>Par t\u00e9l\u00e9phone.<\/li><li>Vous faire rappeler en remplissant la fiche \u2018\u2019 \u00eatre rappeler gratuitement.\u2019\u2019<\/li><li>Vous faire rappeler en faisant une demande de devis ou de prestations.<\/li><\/ul><p><b>2. Une \u00e9valuation gratuite sur votre lieu d\u2019hospitalisation en pr\u00e9sence du personnel m\u00e9dical (facultative) et une \u00e9valuation syst\u00e9matique \u00e0 votre domicile :<\/b><\/p><p>Un professionnel se d\u00e9place chez vous, \u00e0 la clinique\/l\u2019h\u00f4pital, il vous conseille et \u00e9tabli une \u00e9valuation personnalis\u00e9e en fonction de votre situation. Il vous oriente et vous accompagne dans vos d\u00e9marches de prises en charge ou de financement des prestations.<\/p><p><b>3. A- Un planning pr\u00e9visionnel d\u2019intervention avec votre consentement est \u00e9tabli.<\/b><\/p><p><b>B- Un devis vous sera dress\u00e9<\/b><\/p><p><b>C- L\u2019auxiliaire de vie est recrut\u00e9(e) en fonction de votre situation.<\/b><\/p><p><b>4. Apr\u00e8s acceptation du devis et signature<\/b> , les interventions d\u00e9marreront aux heures et dates fix\u00e9es avec vous.<\/p><p><b>5. Un coordinateur ou une coordinatrice vous contactera apr\u00e8s la premi\u00e8re intervention<\/b>, pour \u00e9valuer votre niveau de Satisfaction.<\/p><p><b>6. La charte qualit\u00e9 de Ethan Services A DOM<\/b>, l\u2019oblige \u00e0 respecter, vos habitudes de vie, vos coutumes et religions, \u00e0 affecter \u00e0 votre domicile un personnel adapt\u00e9 \u00e0 votre situation.<\/p><p><b>7. Contr\u00f4le qualit\u00e9 \u00e0 votre domicile<\/b>, apr\u00e8s plusieurs interventions, vous recevrez sur rendez-vous : une visite d\u2019entretien et d\u2019\u00e9valuation du travail effectu\u00e9 par votre intervenant.<\/p><p>Vous pouvez nous contacter \u00e0 tout moment, pour vos dol\u00e9ances.<\/p><p><b>8. Paiement :<\/b> Une facture vous sera envoy\u00e9e chaque fin du mois, en fonction des heures effectu\u00e9es \u00e0 votre domicile.<\/p><\/td><\/tr><\/tbody><\/table>\t\t\t\t\t\t\t\t<\/div>\n\t\t\t\t<\/div>\n\t\t\t\t\t<\/div>\n\t\t<\/div>\n\t\t\t\t\t<\/div>\n\t\t<\/section>\n\t\t\t\t<\/div>\n\t\t","protected":false},"excerpt":{"rendered":"<p>Accueil Notre mode d&rsquo;action Notre mode d&rsquo;action Ethan Services A Dom : Vous \u00eates en perte d\u2019autonomie ? Vous avez besoin d\u2019une aide dans votre vie quotidienne ? Vous avez un souci de garde d\u2019enfant ? Vous avez un parent fatigu\u00e9 ou en perte d\u2019autonomie ? Ethan Services est votre traitement curatif. Ethan Services A &hellip;<\/p>\n<p class=\"read-more\"> <a class=\"\" href=\"https:\/\/www.ethan-services.fr\/index.php\/mode-daction\/\"> <span class=\"screen-reader-text\">Mode d&rsquo;action<\/span> Lire la suite\u00a0\u00bb<\/a><\/p>\n","protected":false},"author":1,"featured_media":0,"parent":0,"menu_order":0,"comment_status":"closed","ping_status":"closed","template":"","meta":{"site-sidebar-layout":"no-sidebar","site-content-layout":"page-builder","ast-global-header-display":"","ast-main-header-display":"","ast-hfb-above-header-display":"","ast-hfb-below-header-display":"","ast-hfb-mobile-header-display":"","site-post-title":"disabled","ast-breadcrumbs-content":"","ast-featured-img":"disabled","footer-sml-layout":"","theme-transparent-header-meta":"","adv-header-id-meta":"","stick-header-meta":"","header-above-stick-meta":"","header-main-stick-meta":"","header-below-stick-meta":"","footnotes":""},"class_list":["post-972","page","type-page","status-publish","hentry"],"yoast_head":"<!-- This site is optimized with the Yoast SEO plugin v24.3 - https:\/\/yoast.com\/wordpress\/plugins\/seo\/ -->\n<title>Mode d&#039;action -<\/title>\n<meta name=\"robots\" content=\"index, follow, max-snippet:-1, max-image-preview:large, max-video-preview:-1\" \/>\n<link rel=\"canonical\" href=\"https:\/\/www.ethan-services.fr\/index.php\/mode-daction\/\" \/>\n<meta property=\"og:locale\" content=\"fr_FR\" \/>\n<meta property=\"og:type\" content=\"article\" \/>\n<meta property=\"og:title\" content=\"Mode d&#039;action -\" \/>\n<meta property=\"og:description\" content=\"Accueil Notre mode d&rsquo;action Notre mode d&rsquo;action Ethan Services A Dom : Vous \u00eates en perte d\u2019autonomie ? Vous avez besoin d\u2019une aide dans votre vie quotidienne ? Vous avez un souci de garde d\u2019enfant ? Vous avez un parent fatigu\u00e9 ou en perte d\u2019autonomie ? Ethan Services est votre traitement curatif. Ethan Services A &hellip; Mode d&rsquo;action Lire la suite\u00a0\u00bb\" \/>\n<meta property=\"og:url\" content=\"https:\/\/www.ethan-services.fr\/index.php\/mode-daction\/\" \/>\n<meta property=\"article:modified_time\" content=\"2025-01-28T11:03:15+00:00\" \/>\n<meta name=\"twitter:card\" content=\"summary_large_image\" \/>\n<meta name=\"twitter:label1\" content=\"Dur\u00e9e de lecture estim\u00e9e\" \/>\n\t<meta name=\"twitter:data1\" content=\"2 minutes\" \/>\n<script type=\"application\/ld+json\" class=\"yoast-schema-graph\">{\"@context\":\"https:\/\/schema.org\",\"@graph\":[{\"@type\":\"WebPage\",\"@id\":\"https:\/\/www.ethan-services.fr\/index.php\/mode-daction\/\",\"url\":\"https:\/\/www.ethan-services.fr\/index.php\/mode-daction\/\",\"name\":\"Mode d'action -\",\"isPartOf\":{\"@id\":\"http:\/\/www.ethan-services.fr\/#website\"},\"datePublished\":\"2022-12-29T17:00:26+00:00\",\"dateModified\":\"2025-01-28T11:03:15+00:00\",\"breadcrumb\":{\"@id\":\"https:\/\/www.ethan-services.fr\/index.php\/mode-daction\/#breadcrumb\"},\"inLanguage\":\"fr-FR\",\"potentialAction\":[{\"@type\":\"ReadAction\",\"target\":[\"https:\/\/www.ethan-services.fr\/index.php\/mode-daction\/\"]}]},{\"@type\":\"BreadcrumbList\",\"@id\":\"https:\/\/www.ethan-services.fr\/index.php\/mode-daction\/#breadcrumb\",\"itemListElement\":[{\"@type\":\"ListItem\",\"position\":1,\"name\":\"Accueil\",\"item\":\"https:\/\/www.ethan-services.fr\/\"},{\"@type\":\"ListItem\",\"position\":2,\"name\":\"Mode d&rsquo;action\"}]},{\"@type\":\"WebSite\",\"@id\":\"http:\/\/www.ethan-services.fr\/#website\",\"url\":\"http:\/\/www.ethan-services.fr\/\",\"name\":\"\",\"description\":\"Un site utilisant WordPress\",\"potentialAction\":[{\"@type\":\"SearchAction\",\"target\":{\"@type\":\"EntryPoint\",\"urlTemplate\":\"http:\/\/www.ethan-services.fr\/?s={search_term_string}\"},\"query-input\":{\"@type\":\"PropertyValueSpecification\",\"valueRequired\":true,\"valueName\":\"search_term_string\"}}],\"inLanguage\":\"fr-FR\"}]}<\/script>\n<!-- \/ Yoast SEO plugin. -->","yoast_head_json":{"title":"Mode d'action -","robots":{"index":"index","follow":"follow","max-snippet":"max-snippet:-1","max-image-preview":"max-image-preview:large","max-video-preview":"max-video-preview:-1"},"canonical":"https:\/\/www.ethan-services.fr\/index.php\/mode-daction\/","og_locale":"fr_FR","og_type":"article","og_title":"Mode d'action -","og_description":"Accueil Notre mode d&rsquo;action Notre mode d&rsquo;action Ethan Services A Dom : Vous \u00eates en perte d\u2019autonomie ? Vous avez besoin d\u2019une aide dans votre vie quotidienne ? Vous avez un souci de garde d\u2019enfant ? Vous avez un parent fatigu\u00e9 ou en perte d\u2019autonomie ? Ethan Services est votre traitement curatif. Ethan Services A &hellip; Mode d&rsquo;action Lire la suite\u00a0\u00bb","og_url":"https:\/\/www.ethan-services.fr\/index.php\/mode-daction\/","article_modified_time":"2025-01-28T11:03:15+00:00","twitter_card":"summary_large_image","twitter_misc":{"Dur\u00e9e de lecture estim\u00e9e":"2 minutes"},"schema":{"@context":"https:\/\/schema.org","@graph":[{"@type":"WebPage","@id":"https:\/\/www.ethan-services.fr\/index.php\/mode-daction\/","url":"https:\/\/www.ethan-services.fr\/index.php\/mode-daction\/","name":"Mode d'action -","isPartOf":{"@id":"http:\/\/www.ethan-services.fr\/#website"},"datePublished":"2022-12-29T17:00:26+00:00","dateModified":"2025-01-28T11:03:15+00:00","breadcrumb":{"@id":"https:\/\/www.ethan-services.fr\/index.php\/mode-daction\/#breadcrumb"},"inLanguage":"fr-FR","potentialAction":[{"@type":"ReadAction","target":["https:\/\/www.ethan-services.fr\/index.php\/mode-daction\/"]}]},{"@type":"BreadcrumbList","@id":"https:\/\/www.ethan-services.fr\/index.php\/mode-daction\/#breadcrumb","itemListElement":[{"@type":"ListItem","position":1,"name":"Accueil","item":"https:\/\/www.ethan-services.fr\/"},{"@type":"ListItem","position":2,"name":"Mode d&rsquo;action"}]},{"@type":"WebSite","@id":"http:\/\/www.ethan-services.fr\/#website","url":"http:\/\/www.ethan-services.fr\/","name":"","description":"Un site utilisant WordPress","potentialAction":[{"@type":"SearchAction","target":{"@type":"EntryPoint","urlTemplate":"http:\/\/www.ethan-services.fr\/?s={search_term_string}"},"query-input":{"@type":"PropertyValueSpecification","valueRequired":true,"valueName":"search_term_string"}}],"inLanguage":"fr-FR"}]}},"_links":{"self":[{"href":"https:\/\/www.ethan-services.fr\/index.php\/wp-json\/wp\/v2\/pages\/972","targetHints":{"allow":["GET"]}}],"collection":[{"href":"https:\/\/www.ethan-services.fr\/index.php\/wp-json\/wp\/v2\/pages"}],"about":[{"href":"https:\/\/www.ethan-services.fr\/index.php\/wp-json\/wp\/v2\/types\/page"}],"author":[{"embeddable":true,"href":"https:\/\/www.ethan-services.fr\/index.php\/wp-json\/wp\/v2\/users\/1"}],"replies":[{"embeddable":true,"href":"https:\/\/www.ethan-services.fr\/index.php\/wp-json\/wp\/v2\/comments?post=972"}],"version-history":[{"count":16,"href":"https:\/\/www.ethan-services.fr\/index.php\/wp-json\/wp\/v2\/pages\/972\/revisions"}],"predecessor-version":[{"id":1139,"href":"https:\/\/www.ethan-services.fr\/index.php\/wp-json\/wp\/v2\/pages\/972\/revisions\/1139"}],"wp:attachment":[{"href":"https:\/\/www.ethan-services.fr\/index.php\/wp-json\/wp\/v2\/media?parent=972"}],"curies":[{"name":"wp","href":"https:\/\/api.w.org\/{rel}","templated":true}]}}