{"id":23,"date":"2022-12-23T17:50:48","date_gmt":"2022-12-23T16:50:48","guid":{"rendered":"http:\/\/www.ethan-services.fr\/?page_id=23"},"modified":"2025-02-21T13:09:35","modified_gmt":"2025-02-21T12:09:35","slug":"entretien","status":"publish","type":"page","link":"https:\/\/www.ethan-services.fr\/index.php\/entretien\/","title":{"rendered":"Entretien"},"content":{"rendered":"\t\t<div data-elementor-type=\"wp-page\" data-elementor-id=\"23\" class=\"elementor elementor-23\">\n\t\t\t\t\t\t<section class=\"elementor-section elementor-top-section elementor-element elementor-element-1c59796 elementor-section-height-min-height elementor-section-boxed elementor-section-height-default elementor-section-items-middle\" data-id=\"1c59796\" data-element_type=\"section\" data-settings=\"{&quot;background_background&quot;:&quot;classic&quot;}\">\n\t\t\t\t\t\t\t<div class=\"elementor-background-overlay\"><\/div>\n\t\t\t\t\t\t\t<div class=\"elementor-container elementor-column-gap-default\">\n\t\t\t\t\t<div class=\"elementor-column elementor-col-100 elementor-top-column elementor-element elementor-element-ad1c900\" data-id=\"ad1c900\" data-element_type=\"column\">\n\t\t\t<div class=\"elementor-widget-wrap elementor-element-populated\">\n\t\t\t\t\t\t<div class=\"elementor-element elementor-element-414613e elementor-icon-list--layout-inline elementor-list-item-link-full_width elementor-widget elementor-widget-icon-list\" data-id=\"414613e\" data-element_type=\"widget\" data-widget_type=\"icon-list.default\">\n\t\t\t\t<div class=\"elementor-widget-container\">\n\t\t\t\t\t\t\t<ul class=\"elementor-icon-list-items elementor-inline-items\">\n\t\t\t\t\t\t\t<li class=\"elementor-icon-list-item elementor-inline-item\">\n\t\t\t\t\t\t\t\t\t\t<span class=\"elementor-icon-list-text\">Accueil<\/span>\n\t\t\t\t\t\t\t\t\t<\/li>\n\t\t\t\t\t\t\t\t<li class=\"elementor-icon-list-item elementor-inline-item\">\n\t\t\t\t\t\t\t\t\t\t\t<span class=\"elementor-icon-list-icon\">\n\t\t\t\t\t\t\t<i aria-hidden=\"true\" class=\"fas fa-angle-right\"><\/i>\t\t\t\t\t\t<\/span>\n\t\t\t\t\t\t\t\t\t\t<span class=\"elementor-icon-list-text\">L'entretien<\/span>\n\t\t\t\t\t\t\t\t\t<\/li>\n\t\t\t\t\t\t<\/ul>\n\t\t\t\t\t\t<\/div>\n\t\t\t\t<\/div>\n\t\t\t\t\t<\/div>\n\t\t<\/div>\n\t\t\t\t\t<\/div>\n\t\t<\/section>\n\t\t\t\t<section class=\"elementor-section elementor-top-section elementor-element elementor-element-2e8147fb elementor-section-height-min-height elementor-section-boxed elementor-section-height-default elementor-section-items-middle\" data-id=\"2e8147fb\" data-element_type=\"section\">\n\t\t\t\t\t\t<div class=\"elementor-container elementor-column-gap-default\">\n\t\t\t\t\t<div class=\"elementor-column elementor-col-100 elementor-top-column elementor-element elementor-element-3f7fc92f\" data-id=\"3f7fc92f\" data-element_type=\"column\">\n\t\t\t<div class=\"elementor-widget-wrap elementor-element-populated\">\n\t\t\t\t\t\t<div class=\"elementor-element elementor-element-64ee8bf1 elementor-widget elementor-widget-heading\" data-id=\"64ee8bf1\" data-element_type=\"widget\" data-widget_type=\"heading.default\">\n\t\t\t\t<div class=\"elementor-widget-container\">\n\t\t\t\t\t<h2 class=\"elementor-heading-title elementor-size-default\">L' entretien<\/h2>\t\t\t\t<\/div>\n\t\t\t\t<\/div>\n\t\t\t\t<div class=\"elementor-element elementor-element-5af4c21e elementor-widget elementor-widget-text-editor\" data-id=\"5af4c21e\" data-element_type=\"widget\" data-widget_type=\"text-editor.default\">\n\t\t\t\t<div class=\"elementor-widget-container\">\n\t\t\t\t\t\t\t\t\t<p>Vos journ\u00e9es de travail sont assez difficiles et longues et vous ne pouviez plus concilier les travaux m\u00e9nagers et vos obligations professionnelles, vos obligations familiales\u2026<\/p>\t\t\t\t\t\t\t\t<\/div>\n\t\t\t\t<\/div>\n\t\t\t\t\t<\/div>\n\t\t<\/div>\n\t\t\t\t\t<\/div>\n\t\t<\/section>\n\t\t\t\t<section class=\"elementor-section elementor-top-section elementor-element elementor-element-66650f09 elementor-section-height-min-height elementor-section-boxed elementor-section-height-default elementor-section-items-middle\" data-id=\"66650f09\" data-element_type=\"section\" data-settings=\"{&quot;background_background&quot;:&quot;classic&quot;}\">\n\t\t\t\t\t\t\t<div class=\"elementor-background-overlay\"><\/div>\n\t\t\t\t\t\t\t<div class=\"elementor-container elementor-column-gap-default\">\n\t\t\t\t\t<div class=\"elementor-column elementor-col-100 elementor-top-column elementor-element elementor-element-18f4f0b5\" data-id=\"18f4f0b5\" data-element_type=\"column\">\n\t\t\t<div class=\"elementor-widget-wrap elementor-element-populated\">\n\t\t\t\t\t\t<section class=\"elementor-section elementor-inner-section elementor-element elementor-element-6b309fcd elementor-section-boxed elementor-section-height-default elementor-section-height-default\" data-id=\"6b309fcd\" data-element_type=\"section\">\n\t\t\t\t\t\t<div class=\"elementor-container elementor-column-gap-default\">\n\t\t\t\t\t<div class=\"elementor-column elementor-col-50 elementor-inner-column elementor-element elementor-element-5a607333\" data-id=\"5a607333\" data-element_type=\"column\">\n\t\t\t<div class=\"elementor-widget-wrap elementor-element-populated\">\n\t\t\t\t\t\t<div class=\"elementor-element elementor-element-79a3cf45 elementor-widget elementor-widget-image\" data-id=\"79a3cf45\" data-element_type=\"widget\" data-widget_type=\"image.default\">\n\t\t\t\t<div class=\"elementor-widget-container\">\n\t\t\t\t\t\t\t\t\t\t\t\t\t\t\t<img fetchpriority=\"high\" decoding=\"async\" width=\"1000\" height=\"750\" src=\"https:\/\/www.ethan-services.fr\/wp-content\/uploads\/2022\/12\/mimi-thian-737711-unsplash.jpg\" class=\"elementor-animation-hang attachment-large size-large wp-image-414\" alt=\"\" srcset=\"https:\/\/www.ethan-services.fr\/wp-content\/uploads\/2022\/12\/mimi-thian-737711-unsplash.jpg 1000w, https:\/\/www.ethan-services.fr\/wp-content\/uploads\/2022\/12\/mimi-thian-737711-unsplash-300x225.jpg 300w, https:\/\/www.ethan-services.fr\/wp-content\/uploads\/2022\/12\/mimi-thian-737711-unsplash-768x576.jpg 768w\" sizes=\"(max-width: 1000px) 100vw, 1000px\" \/>\t\t\t\t\t\t\t\t\t\t\t\t\t\t\t<\/div>\n\t\t\t\t<\/div>\n\t\t\t\t\t<\/div>\n\t\t<\/div>\n\t\t\t\t<div class=\"elementor-column elementor-col-50 elementor-inner-column elementor-element elementor-element-62448dff\" data-id=\"62448dff\" data-element_type=\"column\" data-settings=\"{&quot;background_background&quot;:&quot;classic&quot;}\">\n\t\t\t<div class=\"elementor-widget-wrap elementor-element-populated\">\n\t\t\t\t\t\t<div class=\"elementor-element elementor-element-7480bb5c elementor-widget elementor-widget-text-editor\" data-id=\"7480bb5c\" data-element_type=\"widget\" data-widget_type=\"text-editor.default\">\n\t\t\t\t<div class=\"elementor-widget-container\">\n\t\t\t\t\t\t\t\t\t<p><strong>ETHAN SERVICES A DOM<\/strong> vous propose une aide \u00e0 vos t\u00e2ches m\u00e9nag\u00e8res<\/p><ul><li>Notre personnel se d\u00e9place chez vous pour \u00e9valuer vos besoins et attentes.<\/li><li>Un devis gratuit et personnalis\u00e9 vous sera propos\u00e9.<\/li><li>\u00c9tant au centre de notre prise en charge, nous vous proposerons des prestations de m\u00e9nages adapt\u00e9es \u00e0 vos besoins et de qualit\u00e9. Les missions de l\u2019aide-m\u00e9nag\u00e8re vont de l\u2019entretien des sanitaires jusqu\u2019au nettoyage des vitres en passant par l\u2019\u00e9limination des poussi\u00e8res sur les meubles, le lavage des sols et autres missions. Nous portons une attention particuli\u00e8re \u00e0 la maintenance des mat\u00e9riels et des appareillages utilis\u00e9s par les personnes dont nous avons la charge.<\/li><\/ul><p>Vous avez pr\u00e9vu des vacances et avez besoin d\u2019une aide occasionnelle, d\u2019un nettoyage avant l\u2019arriv\u00e9e du printemps ou apr\u00e8s, d\u2019un d\u00e9m\u00e9nagement\u2026<\/p>\t\t\t\t\t\t\t\t<\/div>\n\t\t\t\t<\/div>\n\t\t\t\t\t<\/div>\n\t\t<\/div>\n\t\t\t\t\t<\/div>\n\t\t<\/section>\n\t\t\t\t\t<\/div>\n\t\t<\/div>\n\t\t\t\t\t<\/div>\n\t\t<\/section>\n\t\t\t\t<section class=\"elementor-section elementor-top-section elementor-element elementor-element-q1frvjt elementor-reverse-mobile elementor-section-boxed elementor-section-height-default elementor-section-height-default\" data-id=\"q1frvjt\" data-element_type=\"section\">\n\t\t\t\t\t\t<div class=\"elementor-container elementor-column-gap-default\">\n\t\t\t\t\t<div class=\"elementor-column elementor-col-50 elementor-top-column elementor-element elementor-element-f1f2bc2\" data-id=\"f1f2bc2\" data-element_type=\"column\">\n\t\t\t<div class=\"elementor-widget-wrap elementor-element-populated\">\n\t\t\t\t\t\t<div class=\"elementor-element elementor-element-34a10af elementor-widget elementor-widget-heading\" data-id=\"34a10af\" data-element_type=\"widget\" data-widget_type=\"heading.default\">\n\t\t\t\t<div class=\"elementor-widget-container\">\n\t\t\t\t\t<h3 class=\"elementor-heading-title elementor-size-default\">ETHAN SERVICES A DOM EST A VOTRE SERVICE<\/h3>\t\t\t\t<\/div>\n\t\t\t\t<\/div>\n\t\t\t\t<div class=\"elementor-element elementor-element-dc0f3cb elementor-widget elementor-widget-text-editor\" data-id=\"dc0f3cb\" data-element_type=\"widget\" data-widget_type=\"text-editor.default\">\n\t\t\t\t<div class=\"elementor-widget-container\">\n\t\t\t\t\t\t\t\t\t<p>Nous assurons les t\u00e2ches les plus \u00e9l\u00e9mentaires dans l\u2019optique de rendre votre int\u00e9rieur propre et agr\u00e9able.<\/p><p>Nous s\u00e9lectionnons pour vous des aides \u00e0 domiciles qualifi\u00e9es pour mieux entretenir votre milieu de vie. Le personnel est s\u00e9lectionn\u00e9 par notre responsable des ressources humaines \u00e0 la suite de plusieurs entretiens s\u00e9lectifs puis d\u2019un entretien individuel pendant lequel seront appr\u00e9ci\u00e9s son savoir-faire, son savoir \u00eatre (valeurs humaines, \u00e9thiques\u2026) sous forme de test.<\/p>\t\t\t\t\t\t\t\t<\/div>\n\t\t\t\t<\/div>\n\t\t\t\t\t<\/div>\n\t\t<\/div>\n\t\t\t\t<div class=\"elementor-column elementor-col-50 elementor-top-column elementor-element elementor-element-02bda06\" data-id=\"02bda06\" data-element_type=\"column\">\n\t\t\t<div class=\"elementor-widget-wrap elementor-element-populated\">\n\t\t\t\t\t\t<div class=\"elementor-element elementor-element-087cd5c elementor-widget elementor-widget-image\" data-id=\"087cd5c\" data-element_type=\"widget\" data-widget_type=\"image.default\">\n\t\t\t\t<div class=\"elementor-widget-container\">\n\t\t\t\t\t\t\t\t\t\t\t\t\t\t\t<img decoding=\"async\" width=\"1024\" height=\"682\" src=\"https:\/\/www.ethan-services.fr\/wp-content\/uploads\/2022\/12\/two-older-women-drinking-coffe-at-home-and-talking-1024x682.jpg\" class=\"attachment-large size-large wp-image-762\" alt=\"Two older women drinking coffe at home and talking\" srcset=\"https:\/\/www.ethan-services.fr\/wp-content\/uploads\/2022\/12\/two-older-women-drinking-coffe-at-home-and-talking-1024x682.jpg 1024w, https:\/\/www.ethan-services.fr\/wp-content\/uploads\/2022\/12\/two-older-women-drinking-coffe-at-home-and-talking-300x200.jpg 300w, https:\/\/www.ethan-services.fr\/wp-content\/uploads\/2022\/12\/two-older-women-drinking-coffe-at-home-and-talking-768x512.jpg 768w, https:\/\/www.ethan-services.fr\/wp-content\/uploads\/2022\/12\/two-older-women-drinking-coffe-at-home-and-talking-1536x1024.jpg 1536w, https:\/\/www.ethan-services.fr\/wp-content\/uploads\/2022\/12\/two-older-women-drinking-coffe-at-home-and-talking.jpg 2000w\" sizes=\"(max-width: 1024px) 100vw, 1024px\" \/>\t\t\t\t\t\t\t\t\t\t\t\t\t\t\t<\/div>\n\t\t\t\t<\/div>\n\t\t\t\t\t<\/div>\n\t\t<\/div>\n\t\t\t\t\t<\/div>\n\t\t<\/section>\n\t\t\t\t<section class=\"elementor-section elementor-top-section elementor-element elementor-element-6wzeu8t elementor-section-height-min-height elementor-section-boxed elementor-section-height-default elementor-section-items-middle\" data-id=\"6wzeu8t\" data-element_type=\"section\" data-settings=\"{&quot;background_background&quot;:&quot;classic&quot;}\">\n\t\t\t\t\t\t<div class=\"elementor-container elementor-column-gap-default\">\n\t\t\t\t\t<div class=\"elementor-column elementor-col-50 elementor-top-column elementor-element elementor-element-400a51f\" data-id=\"400a51f\" data-element_type=\"column\">\n\t\t\t<div class=\"elementor-widget-wrap elementor-element-populated\">\n\t\t\t\t\t\t<div class=\"elementor-element elementor-element-8d1da40 elementor-widget elementor-widget-image\" data-id=\"8d1da40\" data-element_type=\"widget\" data-widget_type=\"image.default\">\n\t\t\t\t<div class=\"elementor-widget-container\">\n\t\t\t\t\t\t\t\t\t\t\t\t\t\t\t<img decoding=\"async\" width=\"1024\" height=\"682\" src=\"https:\/\/www.ethan-services.fr\/wp-content\/uploads\/2022\/12\/old-couple-relaxing-at-the-beach-1024x682.jpg\" class=\"attachment-large size-large wp-image-761\" alt=\"Old couple relaxing at the beach\" srcset=\"https:\/\/www.ethan-services.fr\/wp-content\/uploads\/2022\/12\/old-couple-relaxing-at-the-beach-1024x682.jpg 1024w, https:\/\/www.ethan-services.fr\/wp-content\/uploads\/2022\/12\/old-couple-relaxing-at-the-beach-300x200.jpg 300w, https:\/\/www.ethan-services.fr\/wp-content\/uploads\/2022\/12\/old-couple-relaxing-at-the-beach-768x512.jpg 768w, https:\/\/www.ethan-services.fr\/wp-content\/uploads\/2022\/12\/old-couple-relaxing-at-the-beach-1536x1024.jpg 1536w, https:\/\/www.ethan-services.fr\/wp-content\/uploads\/2022\/12\/old-couple-relaxing-at-the-beach.jpg 2000w\" sizes=\"(max-width: 1024px) 100vw, 1024px\" \/>\t\t\t\t\t\t\t\t\t\t\t\t\t\t\t<\/div>\n\t\t\t\t<\/div>\n\t\t\t\t\t<\/div>\n\t\t<\/div>\n\t\t\t\t<div class=\"elementor-column elementor-col-50 elementor-top-column elementor-element elementor-element-cc5adf3\" data-id=\"cc5adf3\" data-element_type=\"column\">\n\t\t\t<div class=\"elementor-widget-wrap elementor-element-populated\">\n\t\t\t\t\t\t<div class=\"elementor-element elementor-element-925831b elementor-widget elementor-widget-heading\" data-id=\"925831b\" data-element_type=\"widget\" data-widget_type=\"heading.default\">\n\t\t\t\t<div class=\"elementor-widget-container\">\n\t\t\t\t\t<h3 class=\"elementor-heading-title elementor-size-default\">UN ENTRETIEN OU UNE PRISE EN CHARGE PERSONNALISEE<\/h3>\t\t\t\t<\/div>\n\t\t\t\t<\/div>\n\t\t\t\t<div class=\"elementor-element elementor-element-77be2a5 elementor-widget elementor-widget-text-editor\" data-id=\"77be2a5\" data-element_type=\"widget\" data-widget_type=\"text-editor.default\">\n\t\t\t\t<div class=\"elementor-widget-container\">\n\t\t\t\t\t\t\t\t\t<p>Votre linge a besoin d\u2019\u00eatre entretenu et vous ne savez pas trop quoi faire ou par manque de temps, vous ne pouvez pas vous en occuper ?\u00a0<br \/>Notre aide-m\u00e9nag\u00e8re s\u2019occupera de l\u2019entretien de votre linge avec pour missions principales :<\/p><ul><li>De le laver.<\/li><li>De l\u2019\u00e9tendre.<\/li><li>De le repasser et de le ranger.<\/li><li>De naturellement g\u00e9rer le transfert et la r\u00e9cup\u00e9ration du linge destin\u00e9 au pressing.<\/li><\/ul>\t\t\t\t\t\t\t\t<\/div>\n\t\t\t\t<\/div>\n\t\t\t\t\t<\/div>\n\t\t<\/div>\n\t\t\t\t\t<\/div>\n\t\t<\/section>\n\t\t\t\t<section class=\"elementor-section elementor-top-section elementor-element elementor-element-hoq2xx0 elementor-section-content-middle elementor-section-boxed elementor-section-height-default elementor-section-height-default\" data-id=\"hoq2xx0\" data-element_type=\"section\" data-settings=\"{&quot;background_background&quot;:&quot;classic&quot;}\">\n\t\t\t\t\t\t<div class=\"elementor-container elementor-column-gap-default\">\n\t\t\t\t\t<div class=\"elementor-column elementor-col-100 elementor-top-column elementor-element elementor-element-3cb18be\" data-id=\"3cb18be\" data-element_type=\"column\" data-settings=\"{&quot;background_background&quot;:&quot;classic&quot;}\">\n\t\t\t<div class=\"elementor-widget-wrap elementor-element-populated\">\n\t\t\t\t\t\t<div class=\"elementor-element elementor-element-d2ec9a0 elementor-widget elementor-widget-heading\" data-id=\"d2ec9a0\" data-element_type=\"widget\" data-widget_type=\"heading.default\">\n\t\t\t\t<div class=\"elementor-widget-container\">\n\t\t\t\t\t<h2 class=\"elementor-heading-title elementor-size-default\">NOUS RENDONS VOTRE HABITAT AGR\u00c9ABLE ET QUAND VOUS RENTREZ CHEZ VOUS, LE M\u00c9NAGE EST FAIT, LES VITRES SONT PROPRES, VOTRE LINGE EST ENTRETENU, IL N\u2019Y A PLUS UN PLI SUR VOTRE LIT ET VOS COURSES SONT FAITES.<\/h2>\t\t\t\t<\/div>\n\t\t\t\t<\/div>\n\t\t\t\t<div class=\"elementor-element elementor-element-5cf30d0 elementor-align-center elementor-widget elementor-widget-button\" data-id=\"5cf30d0\" data-element_type=\"widget\" data-widget_type=\"button.default\">\n\t\t\t\t<div class=\"elementor-widget-container\">\n\t\t\t\t\t\t\t\t\t<div class=\"elementor-button-wrapper\">\n\t\t\t\t\t<a class=\"elementor-button elementor-button-link elementor-size-sm\" href=\"https:\/\/www.ethan-services.fr\/index.php\/devis\/\">\n\t\t\t\t\t\t<span class=\"elementor-button-content-wrapper\">\n\t\t\t\t\t\t\t\t\t<span class=\"elementor-button-text\">Demander un devis<\/span>\n\t\t\t\t\t<\/span>\n\t\t\t\t\t<\/a>\n\t\t\t\t<\/div>\n\t\t\t\t\t\t\t\t<\/div>\n\t\t\t\t<\/div>\n\t\t\t\t\t<\/div>\n\t\t<\/div>\n\t\t\t\t\t<\/div>\n\t\t<\/section>\n\t\t\t\t<\/div>\n\t\t","protected":false},"excerpt":{"rendered":"<p>Accueil L&rsquo;entretien L&rsquo; entretien Vos journ\u00e9es de travail sont assez difficiles et longues et vous ne pouviez plus concilier les travaux m\u00e9nagers et vos obligations professionnelles, vos obligations familiales\u2026 ETHAN SERVICES A DOM vous propose une aide \u00e0 vos t\u00e2ches m\u00e9nag\u00e8res Notre personnel se d\u00e9place chez vous pour \u00e9valuer vos besoins et attentes. Un devis &hellip;<\/p>\n<p class=\"read-more\"> <a class=\"\" href=\"https:\/\/www.ethan-services.fr\/index.php\/entretien\/\"> <span class=\"screen-reader-text\">Entretien<\/span> Lire la suite\u00a0\u00bb<\/a><\/p>\n","protected":false},"author":1,"featured_media":0,"parent":0,"menu_order":0,"comment_status":"closed","ping_status":"closed","template":"","meta":{"site-sidebar-layout":"no-sidebar","site-content-layout":"page-builder","ast-global-header-display":"","ast-main-header-display":"","ast-hfb-above-header-display":"","ast-hfb-below-header-display":"","ast-hfb-mobile-header-display":"","site-post-title":"disabled","ast-breadcrumbs-content":"","ast-featured-img":"disabled","footer-sml-layout":"","theme-transparent-header-meta":"","adv-header-id-meta":"","stick-header-meta":"","header-above-stick-meta":"","header-main-stick-meta":"","header-below-stick-meta":"","footnotes":""},"class_list":["post-23","page","type-page","status-publish","hentry"],"yoast_head":"<!-- This site is optimized with the Yoast SEO plugin v24.3 - https:\/\/yoast.com\/wordpress\/plugins\/seo\/ -->\n<title>Entretien -<\/title>\n<meta name=\"robots\" content=\"index, follow, max-snippet:-1, max-image-preview:large, max-video-preview:-1\" \/>\n<link rel=\"canonical\" href=\"https:\/\/www.ethan-services.fr\/index.php\/entretien\/\" \/>\n<meta property=\"og:locale\" content=\"fr_FR\" \/>\n<meta property=\"og:type\" content=\"article\" \/>\n<meta property=\"og:title\" content=\"Entretien -\" \/>\n<meta property=\"og:description\" content=\"Accueil L&rsquo;entretien L&rsquo; entretien Vos journ\u00e9es de travail sont assez difficiles et longues et vous ne pouviez plus concilier les travaux m\u00e9nagers et vos obligations professionnelles, vos obligations familiales\u2026 ETHAN SERVICES A DOM vous propose une aide \u00e0 vos t\u00e2ches m\u00e9nag\u00e8res Notre personnel se d\u00e9place chez vous pour \u00e9valuer vos besoins et attentes. Un devis &hellip; Entretien Lire la suite\u00a0\u00bb\" \/>\n<meta property=\"og:url\" content=\"https:\/\/www.ethan-services.fr\/index.php\/entretien\/\" \/>\n<meta property=\"article:modified_time\" content=\"2025-02-21T12:09:35+00:00\" \/>\n<meta property=\"og:image\" content=\"https:\/\/www.ethan-services.fr\/wp-content\/uploads\/2022\/12\/mimi-thian-737711-unsplash.jpg\" \/>\n\t<meta property=\"og:image:width\" content=\"1000\" \/>\n\t<meta property=\"og:image:height\" content=\"750\" \/>\n\t<meta property=\"og:image:type\" content=\"image\/jpeg\" \/>\n<meta name=\"twitter:card\" content=\"summary_large_image\" \/>\n<meta name=\"twitter:label1\" content=\"Dur\u00e9e de lecture estim\u00e9e\" \/>\n\t<meta name=\"twitter:data1\" content=\"3 minutes\" \/>\n<script type=\"application\/ld+json\" class=\"yoast-schema-graph\">{\"@context\":\"https:\/\/schema.org\",\"@graph\":[{\"@type\":\"WebPage\",\"@id\":\"https:\/\/www.ethan-services.fr\/index.php\/entretien\/\",\"url\":\"https:\/\/www.ethan-services.fr\/index.php\/entretien\/\",\"name\":\"Entretien -\",\"isPartOf\":{\"@id\":\"http:\/\/www.ethan-services.fr\/#website\"},\"primaryImageOfPage\":{\"@id\":\"https:\/\/www.ethan-services.fr\/index.php\/entretien\/#primaryimage\"},\"image\":{\"@id\":\"https:\/\/www.ethan-services.fr\/index.php\/entretien\/#primaryimage\"},\"thumbnailUrl\":\"https:\/\/www.ethan-services.fr\/wp-content\/uploads\/2022\/12\/mimi-thian-737711-unsplash.jpg\",\"datePublished\":\"2022-12-23T16:50:48+00:00\",\"dateModified\":\"2025-02-21T12:09:35+00:00\",\"breadcrumb\":{\"@id\":\"https:\/\/www.ethan-services.fr\/index.php\/entretien\/#breadcrumb\"},\"inLanguage\":\"fr-FR\",\"potentialAction\":[{\"@type\":\"ReadAction\",\"target\":[\"https:\/\/www.ethan-services.fr\/index.php\/entretien\/\"]}]},{\"@type\":\"ImageObject\",\"inLanguage\":\"fr-FR\",\"@id\":\"https:\/\/www.ethan-services.fr\/index.php\/entretien\/#primaryimage\",\"url\":\"https:\/\/www.ethan-services.fr\/wp-content\/uploads\/2022\/12\/mimi-thian-737711-unsplash.jpg\",\"contentUrl\":\"https:\/\/www.ethan-services.fr\/wp-content\/uploads\/2022\/12\/mimi-thian-737711-unsplash.jpg\",\"width\":1000,\"height\":750},{\"@type\":\"BreadcrumbList\",\"@id\":\"https:\/\/www.ethan-services.fr\/index.php\/entretien\/#breadcrumb\",\"itemListElement\":[{\"@type\":\"ListItem\",\"position\":1,\"name\":\"Accueil\",\"item\":\"https:\/\/www.ethan-services.fr\/\"},{\"@type\":\"ListItem\",\"position\":2,\"name\":\"Entretien\"}]},{\"@type\":\"WebSite\",\"@id\":\"http:\/\/www.ethan-services.fr\/#website\",\"url\":\"http:\/\/www.ethan-services.fr\/\",\"name\":\"\",\"description\":\"Un site utilisant WordPress\",\"potentialAction\":[{\"@type\":\"SearchAction\",\"target\":{\"@type\":\"EntryPoint\",\"urlTemplate\":\"http:\/\/www.ethan-services.fr\/?s={search_term_string}\"},\"query-input\":{\"@type\":\"PropertyValueSpecification\",\"valueRequired\":true,\"valueName\":\"search_term_string\"}}],\"inLanguage\":\"fr-FR\"}]}<\/script>\n<!-- \/ Yoast SEO plugin. -->","yoast_head_json":{"title":"Entretien -","robots":{"index":"index","follow":"follow","max-snippet":"max-snippet:-1","max-image-preview":"max-image-preview:large","max-video-preview":"max-video-preview:-1"},"canonical":"https:\/\/www.ethan-services.fr\/index.php\/entretien\/","og_locale":"fr_FR","og_type":"article","og_title":"Entretien -","og_description":"Accueil L&rsquo;entretien L&rsquo; entretien Vos journ\u00e9es de travail sont assez difficiles et longues et vous ne pouviez plus concilier les travaux m\u00e9nagers et vos obligations professionnelles, vos obligations familiales\u2026 ETHAN SERVICES A DOM vous propose une aide \u00e0 vos t\u00e2ches m\u00e9nag\u00e8res Notre personnel se d\u00e9place chez vous pour \u00e9valuer vos besoins et attentes. Un devis &hellip; Entretien Lire la suite\u00a0\u00bb","og_url":"https:\/\/www.ethan-services.fr\/index.php\/entretien\/","article_modified_time":"2025-02-21T12:09:35+00:00","og_image":[{"width":1000,"height":750,"url":"https:\/\/www.ethan-services.fr\/wp-content\/uploads\/2022\/12\/mimi-thian-737711-unsplash.jpg","type":"image\/jpeg"}],"twitter_card":"summary_large_image","twitter_misc":{"Dur\u00e9e de lecture estim\u00e9e":"3 minutes"},"schema":{"@context":"https:\/\/schema.org","@graph":[{"@type":"WebPage","@id":"https:\/\/www.ethan-services.fr\/index.php\/entretien\/","url":"https:\/\/www.ethan-services.fr\/index.php\/entretien\/","name":"Entretien -","isPartOf":{"@id":"http:\/\/www.ethan-services.fr\/#website"},"primaryImageOfPage":{"@id":"https:\/\/www.ethan-services.fr\/index.php\/entretien\/#primaryimage"},"image":{"@id":"https:\/\/www.ethan-services.fr\/index.php\/entretien\/#primaryimage"},"thumbnailUrl":"https:\/\/www.ethan-services.fr\/wp-content\/uploads\/2022\/12\/mimi-thian-737711-unsplash.jpg","datePublished":"2022-12-23T16:50:48+00:00","dateModified":"2025-02-21T12:09:35+00:00","breadcrumb":{"@id":"https:\/\/www.ethan-services.fr\/index.php\/entretien\/#breadcrumb"},"inLanguage":"fr-FR","potentialAction":[{"@type":"ReadAction","target":["https:\/\/www.ethan-services.fr\/index.php\/entretien\/"]}]},{"@type":"ImageObject","inLanguage":"fr-FR","@id":"https:\/\/www.ethan-services.fr\/index.php\/entretien\/#primaryimage","url":"https:\/\/www.ethan-services.fr\/wp-content\/uploads\/2022\/12\/mimi-thian-737711-unsplash.jpg","contentUrl":"https:\/\/www.ethan-services.fr\/wp-content\/uploads\/2022\/12\/mimi-thian-737711-unsplash.jpg","width":1000,"height":750},{"@type":"BreadcrumbList","@id":"https:\/\/www.ethan-services.fr\/index.php\/entretien\/#breadcrumb","itemListElement":[{"@type":"ListItem","position":1,"name":"Accueil","item":"https:\/\/www.ethan-services.fr\/"},{"@type":"ListItem","position":2,"name":"Entretien"}]},{"@type":"WebSite","@id":"http:\/\/www.ethan-services.fr\/#website","url":"http:\/\/www.ethan-services.fr\/","name":"","description":"Un site utilisant WordPress","potentialAction":[{"@type":"SearchAction","target":{"@type":"EntryPoint","urlTemplate":"http:\/\/www.ethan-services.fr\/?s={search_term_string}"},"query-input":{"@type":"PropertyValueSpecification","valueRequired":true,"valueName":"search_term_string"}}],"inLanguage":"fr-FR"}]}},"_links":{"self":[{"href":"https:\/\/www.ethan-services.fr\/index.php\/wp-json\/wp\/v2\/pages\/23","targetHints":{"allow":["GET"]}}],"collection":[{"href":"https:\/\/www.ethan-services.fr\/index.php\/wp-json\/wp\/v2\/pages"}],"about":[{"href":"https:\/\/www.ethan-services.fr\/index.php\/wp-json\/wp\/v2\/types\/page"}],"author":[{"embeddable":true,"href":"https:\/\/www.ethan-services.fr\/index.php\/wp-json\/wp\/v2\/users\/1"}],"replies":[{"embeddable":true,"href":"https:\/\/www.ethan-services.fr\/index.php\/wp-json\/wp\/v2\/comments?post=23"}],"version-history":[{"count":52,"href":"https:\/\/www.ethan-services.fr\/index.php\/wp-json\/wp\/v2\/pages\/23\/revisions"}],"predecessor-version":[{"id":1390,"href":"https:\/\/www.ethan-services.fr\/index.php\/wp-json\/wp\/v2\/pages\/23\/revisions\/1390"}],"wp:attachment":[{"href":"https:\/\/www.ethan-services.fr\/index.php\/wp-json\/wp\/v2\/media?parent=23"}],"curies":[{"name":"wp","href":"https:\/\/api.w.org\/{rel}","templated":true}]}}